

{"id":9,"date":"2021-01-26T12:26:20","date_gmt":"2021-01-26T12:26:20","guid":{"rendered":"https:\/\/dromeasyachts.joshdouch.me\/?page_id=9"},"modified":"2022-04-26T11:42:37","modified_gmt":"2022-04-26T10:42:37","slug":"home","status":"publish","type":"page","link":"https:\/\/staging.dromeasyachts.com\/france\/","title":{"rendered":"Home"},"content":{"rendered":"[vc_row full_width=&#8221;stretch_row_content_no_spaces&#8221; full_height=&#8221;yes&#8221; columns_placement=&#8221;top&#8221;][vc_column]\n\t\t\t<!-- START homepage REVOLUTION SLIDER 6.5.14 --><p class=\"rs-p-wp-fix\"><\/p>\n\t\t\t<rs-module-wrap id=\"rev_slider_3_1_wrapper\" data-source=\"gallery\" style=\"visibility:hidden;background:transparent;padding:0;\">\n\t\t\t\t<rs-module id=\"rev_slider_3_1\" style=\"\" data-version=\"6.5.14\">\n\t\t\t\t\t<rs-slides>\n\t\t\t\t\t\t<rs-slide style=\"position: absolute;\" data-key=\"rs-3\" data-title=\"Slide\" data-in=\"o:0;\" data-out=\"a:false;\" data-sloop=\"s:0;e:13000;\">\n\t\t\t\t\t\t\t<img src=\"\/\/staging.dromeasyachts.com\/france\/wp-content\/plugins\/revslider\/public\/assets\/assets\/dummy.png\" alt=\"\" title=\"fortheloveofsea_3.jpeg\" width=\"1920\" height=\"1080\" class=\"rev-slidebg tp-rs-img rs-lazyload\" data-lazyload=\"\/\/staging.dromeasyachts.com\/france\/wp-content\/uploads\/revslider\/video-media\/fortheloveofsea_3.jpeg\" data-no-retina>\n\t\t\t\t\t\t\t<rs-bgvideo \n\t\t\t\t\t\t\t\tdata-video=\"w:100%;h:100%;nse:false;l:true;ptimer:false;vfc:true;\"\n\t\t\t\t\t\t\t\tdata-mp4=\"\/\/staging.dromeasyachts.com\/france\/wp-content\/uploads\/2022\/04\/fortheloveofsea.mp4\"\n\t\t\t\t\t\t\t><\/rs-bgvideo>\n<!--\n\t\t\t\t\t\t\t--><rs-layer\n\t\t\t\t\t\t\t\tid=\"slider-3-slide-3-layer-0\" \n\t\t\t\t\t\t\t\tdata-type=\"image\"\n\t\t\t\t\t\t\t\tdata-rsp_ch=\"on\"\n\t\t\t\t\t\t\t\tdata-xy=\"x:c;y:m;\"\n\t\t\t\t\t\t\t\tdata-text=\"w:normal;s:20,20,20,7;l:0,0,0,9;\"\n\t\t\t\t\t\t\t\tdata-dim=\"w:850px,850px,850px,390px;h:249px,249px,249px,114px;\"\n\t\t\t\t\t\t\t\tdata-frame_1=\"st:500;sp:1;\"\n\t\t\t\t\t\t\t\tdata-frame_999=\"o:0;st:6000;sp:1;\"\n\t\t\t\t\t\t\t\tstyle=\"z-index:8;\"\n\t\t\t\t\t\t\t><img src=\"\/\/staging.dromeasyachts.com\/france\/wp-content\/plugins\/revslider\/public\/assets\/assets\/dummy.png\" alt=\"\" class=\"tp-rs-img rs-lazyload\" width=\"1080\" height=\"316\" data-lazyload=\"\/\/staging.dromeasyachts.com\/france\/wp-content\/uploads\/2021\/02\/HP-FORTHE.png\" data-no-retina> \n\t\t\t\t\t\t\t<\/rs-layer><!--\n\n\t\t\t\t\t\t\t--><rs-layer\n\t\t\t\t\t\t\t\tid=\"slider-3-slide-3-layer-1\" \n\t\t\t\t\t\t\t\tdata-type=\"image\"\n\t\t\t\t\t\t\t\tdata-rsp_ch=\"on\"\n\t\t\t\t\t\t\t\tdata-xy=\"x:c;y:m;\"\n\t\t\t\t\t\t\t\tdata-text=\"w:normal;s:20,20,20,7;l:0,0,0,9;\"\n\t\t\t\t\t\t\t\tdata-dim=\"w:850px,850px,850px,390px;h:249px,249px,249px,114px;\"\n\t\t\t\t\t\t\t\tdata-frame_0=\"o:1;\"\n\t\t\t\t\t\t\t\tdata-frame_1=\"st:1250;sp:1;\"\n\t\t\t\t\t\t\t\tdata-frame_999=\"o:0;st:5500;sp:1;\"\n\t\t\t\t\t\t\t\tstyle=\"z-index:9;\"\n\t\t\t\t\t\t\t><img src=\"\/\/staging.dromeasyachts.com\/france\/wp-content\/plugins\/revslider\/public\/assets\/assets\/dummy.png\" alt=\"\" class=\"tp-rs-img rs-lazyload\" width=\"1080\" height=\"316\" data-lazyload=\"\/\/staging.dromeasyachts.com\/france\/wp-content\/uploads\/2021\/02\/HP-LOVEOF.png\" data-no-retina> \n\t\t\t\t\t\t\t<\/rs-layer><!--\n\n\t\t\t\t\t\t\t--><rs-layer\n\t\t\t\t\t\t\t\tid=\"slider-3-slide-3-layer-2\" \n\t\t\t\t\t\t\t\tdata-type=\"image\"\n\t\t\t\t\t\t\t\tdata-rsp_ch=\"on\"\n\t\t\t\t\t\t\t\tdata-xy=\"x:c;y:m;\"\n\t\t\t\t\t\t\t\tdata-text=\"w:normal;s:20,20,20,7;l:0,0,0,9;\"\n\t\t\t\t\t\t\t\tdata-dim=\"w:850px,850px,850px,390px;h:249px,249px,249px,114px;\"\n\t\t\t\t\t\t\t\tdata-frame_0=\"o:1;\"\n\t\t\t\t\t\t\t\tdata-frame_1=\"st:2000;sp:1;\"\n\t\t\t\t\t\t\t\tdata-frame_999=\"o:0;st:5000;sp:1;\"\n\t\t\t\t\t\t\t\tstyle=\"z-index:10;\"\n\t\t\t\t\t\t\t><img src=\"\/\/staging.dromeasyachts.com\/france\/wp-content\/plugins\/revslider\/public\/assets\/assets\/dummy.png\" alt=\"\" class=\"tp-rs-img rs-lazyload\" width=\"1080\" height=\"316\" data-lazyload=\"\/\/staging.dromeasyachts.com\/france\/wp-content\/uploads\/2021\/02\/HP-SEA.png\" data-no-retina> \n\t\t\t\t\t\t\t<\/rs-layer><!--\n-->\t\t\t\t\t\t<\/rs-slide>\n\t\t\t\t\t<\/rs-slides>\n\t\t\t\t<\/rs-module>\n\t\t\t\t<script>\n\t\t\t\t\tsetREVStartSize({c: 'rev_slider_3_1',rl:[1240,1240,1240,480],el:[900,900,900,720],gw:[1240,1240,1240,480],gh:[900,900,900,720],type:'hero',justify:'',layout:'fullscreen',offsetContainer:'',offset:'',mh:\"0\"});if (window.RS_MODULES!==undefined && window.RS_MODULES.modules!==undefined && window.RS_MODULES.modules[\"revslider31\"]!==undefined) {window.RS_MODULES.modules[\"revslider31\"].once = false;window.revapi3 = undefined;if (window.RS_MODULES.checkMinimal!==undefined) window.RS_MODULES.checkMinimal()}\n\t\t\t\t<\/script>\n\t\t\t<\/rs-module-wrap>\n\t\t\t<!-- END REVOLUTION SLIDER -->\n[\/vc_column][\/vc_row][vc_row content_placement=&#8221;middle&#8221; equal_height=&#8221;yes&#8221; css=&#8221;.vc_custom_1611939638273{margin-top: 40px !important;margin-bottom: 5px !important;padding-top: 0px !important;padding-bottom: 0px !important;}&#8221;][vc_column width=&#8221;1\/2&#8243;][vc_single_image image=&#8221;2329&#8243; img_size=&#8221;large&#8221;][\/vc_column][vc_column width=&#8221;1\/2&#8243;][vc_empty_space height=&#8221;20px&#8221;]<h2 class=\"vcex-heading vcex-module wpex-text-2xl wpex-font-normal wpex-m-auto wpex-max-w-100 vcex-heading-plain wpex-block wpex-text-left\" style=\"font-family:&#039;Cormorant Garamond&#039;,serif;font-size:46px;font-weight:300;\"><span class=\"vcex-heading-inner wpex-inline-block wpex-clr\">Une passion commune \u00e0 vivre et partager. La mer.<\/span><\/h2>[vc_empty_space height=&#8221;20px&#8221;][vc_column_text]Partir en famille ou entre amis pour p\u00eacher, plonger et nager, se retrouver autour d\u2019un repas, traverser les vagues pour d\u00e9couvrir de nouveaux paysages\u2026 \u00catre dehors et profiter de l\u2019air marin quel que soit le temps : c\u2019est l\u2019esprit des yachts Dromeas ! Les yachts Dromeas ont \u00e9t\u00e9 cr\u00e9\u00e9s avec tout le n\u00e9cessaire \u00e0 bord et un design fonctionnel, con\u00e7us pour s\u2019adapter \u00e0 chaque environnement, sans compromis sur vos exigences de confort et de plaisir.[\/vc_column_text][vc_empty_space height=&#8221;20px&#8221;][vc_row_inner][vc_column_inner width=&#8221;1\/2&#8243;]<div class=\"textcenter theme-button-expanded-wrap theme-button-wrap wpex-clr\"><a href=\"\/nous-decouvrir\" class=\"vcex-button theme-button align-center expanded expanded\" style=\"padding-top:17px;padding-right:20px;padding-bottom:17px;padding-left:20px;font-size:22px;text-transform:uppercase;font-family:&#039;Montserrat&#039;,sans-serif;\"><span class=\"theme-button-inner\">NOUS D\u00c9COUVRIR<\/span><\/a><\/div> [\/vc_column_inner][vc_column_inner width=&#8221;1\/2&#8243;]<div class=\"textcenter theme-button-expanded-wrap theme-button-wrap wpex-clr\"><a href=\"\/yacht\/d28-cc\" class=\"vcex-button theme-button align-center expanded expanded\" style=\"padding-top:17px;padding-right:20px;padding-bottom:17px;padding-left:20px;font-size:22px;text-transform:uppercase;font-family:&#039;Montserrat&#039;,sans-serif;\"><span class=\"theme-button-inner\">LA GAMME<\/span><\/a><\/div> [\/vc_column_inner][\/vc_row_inner][\/vc_column][\/vc_row][vc_row full_width=&#8221;stretch_row_content_no_spaces&#8221; css=&#8221;.vc_custom_1612953733843{margin-bottom: 0px !important;border-bottom-width: 0px !important;}&#8221;][vc_column css=&#8221;.vc_custom_1612953767708{margin-bottom: 0px !important;border-bottom-width: 0px !important;}&#8221;]<div class=\"wpex-slider-preloaderimg wpex-relative\"><img width=\"1500\" height=\"562\" src=\"https:\/\/staging.dromeasyachts.com\/france\/wp-content\/uploads\/sites\/29\/2021\/12\/HM3-2.jpg\" class=\"skip-lazy\" alt=\"\" data-no-lazy=\"1\" srcset=\"https:\/\/staging.dromeasyachts.com\/france\/wp-content\/uploads\/sites\/29\/2021\/12\/HM3-2.jpg 1500w, https:\/\/staging.dromeasyachts.com\/france\/wp-content\/uploads\/sites\/29\/2021\/12\/HM3-2-300x112.jpg 300w, https:\/\/staging.dromeasyachts.com\/france\/wp-content\/uploads\/sites\/29\/2021\/12\/HM3-2-1024x384.jpg 1024w, https:\/\/staging.dromeasyachts.com\/france\/wp-content\/uploads\/sites\/29\/2021\/12\/HM3-2-768x288.jpg 768w\" sizes=\"(max-width: 1500px) 100vw, 1500px\" \/><\/div><div class=\"vcex-module wpex-slider slider-pro vcex-image-slider wpex-clr\" data-loop=\"true\" data-auto-play-delay=\"5000\" data-animation-speed=\"600\" data-height-animation-duration=\"500\" data-thumbnail-height=\"70\" data-thumbnail-width=\"70\"><div class=\"wpex-slider-slides sp-slides\"><div class=\"wpex-slider-slide sp-slide\"><div class=\"wpex-slider-media\"><img width=\"1500\" height=\"562\" src=\"https:\/\/staging.dromeasyachts.com\/france\/wp-content\/uploads\/sites\/29\/2021\/12\/HM3-2.jpg\" class=\"skip-lazy\" alt=\"\" data-no-lazy=\"1\" srcset=\"https:\/\/staging.dromeasyachts.com\/france\/wp-content\/uploads\/sites\/29\/2021\/12\/HM3-2.jpg 1500w, https:\/\/staging.dromeasyachts.com\/france\/wp-content\/uploads\/sites\/29\/2021\/12\/HM3-2-300x112.jpg 300w, https:\/\/staging.dromeasyachts.com\/france\/wp-content\/uploads\/sites\/29\/2021\/12\/HM3-2-1024x384.jpg 1024w, https:\/\/staging.dromeasyachts.com\/france\/wp-content\/uploads\/sites\/29\/2021\/12\/HM3-2-768x288.jpg 768w\" sizes=\"(max-width: 1500px) 100vw, 1500px\" \/><\/div><\/div><div class=\"wpex-slider-slide sp-slide\"><div class=\"wpex-slider-media\"><img width=\"1500\" height=\"562\" src=\"https:\/\/staging.dromeasyachts.com\/france\/wp-content\/uploads\/sites\/29\/2021\/02\/HM1.jpg\" class=\"skip-lazy\" alt=\"\" data-no-lazy=\"1\" srcset=\"https:\/\/staging.dromeasyachts.com\/france\/wp-content\/uploads\/sites\/29\/2021\/02\/HM1.jpg 1500w, https:\/\/staging.dromeasyachts.com\/france\/wp-content\/uploads\/sites\/29\/2021\/02\/HM1-300x112.jpg 300w, https:\/\/staging.dromeasyachts.com\/france\/wp-content\/uploads\/sites\/29\/2021\/02\/HM1-1024x384.jpg 1024w, https:\/\/staging.dromeasyachts.com\/france\/wp-content\/uploads\/sites\/29\/2021\/02\/HM1-768x288.jpg 768w, https:\/\/staging.dromeasyachts.com\/france\/wp-content\/uploads\/sites\/29\/2021\/02\/HM1-1080x405.jpg 1080w, https:\/\/staging.dromeasyachts.com\/france\/wp-content\/uploads\/sites\/29\/2021\/02\/HM1-600x225.jpg 600w, https:\/\/staging.dromeasyachts.com\/france\/wp-content\/uploads\/sites\/29\/2021\/02\/HM1-600x225@2x.jpg 1200w\" sizes=\"(max-width: 1500px) 100vw, 1500px\" \/><\/div><\/div><div class=\"wpex-slider-slide sp-slide\"><div class=\"wpex-slider-media\"><img width=\"1500\" height=\"562\" src=\"https:\/\/staging.dromeasyachts.com\/france\/wp-content\/uploads\/sites\/29\/2021\/02\/HM2.jpg\" class=\"skip-lazy\" alt=\"\" data-no-lazy=\"1\" srcset=\"https:\/\/staging.dromeasyachts.com\/france\/wp-content\/uploads\/sites\/29\/2021\/02\/HM2.jpg 1500w, https:\/\/staging.dromeasyachts.com\/france\/wp-content\/uploads\/sites\/29\/2021\/02\/HM2-300x112.jpg 300w, https:\/\/staging.dromeasyachts.com\/france\/wp-content\/uploads\/sites\/29\/2021\/02\/HM2-1024x384.jpg 1024w, https:\/\/staging.dromeasyachts.com\/france\/wp-content\/uploads\/sites\/29\/2021\/02\/HM2-768x288.jpg 768w, https:\/\/staging.dromeasyachts.com\/france\/wp-content\/uploads\/sites\/29\/2021\/02\/HM2-1080x405.jpg 1080w, https:\/\/staging.dromeasyachts.com\/france\/wp-content\/uploads\/sites\/29\/2021\/02\/HM2-600x225.jpg 600w, https:\/\/staging.dromeasyachts.com\/france\/wp-content\/uploads\/sites\/29\/2021\/02\/HM2-600x225@2x.jpg 1200w\" sizes=\"(max-width: 1500px) 100vw, 1500px\" \/><\/div><\/div><\/div><\/div>[\/vc_column][\/vc_row][vc_row full_width=&#8221;stretch_row&#8221; content_placement=&#8221;middle&#8221; css=&#8221;.vc_custom_1611919171900{margin-top: 0px !important;margin-bottom: 0px !important;padding-top: 25px !important;padding-bottom: 35px !important;background-color: #313131 !important;}&#8221;][vc_column css=&#8221;.vc_custom_1611919126068{margin-top: 0px !important;margin-bottom: 0px !important;padding-top: 0px !important;padding-bottom: 0px !important;}&#8221;]<h2 class=\"vcex-heading vcex-module wpex-text-2xl wpex-font-normal wpex-m-auto wpex-max-w-100 vcex-heading-plain wpex-block wpex-text-center\" style=\"color:#ffffff;font-family:&#039;Cormorant Garamond&#039;,serif;font-size:46px;font-weight:200;\"><span class=\"vcex-heading-inner wpex-inline-block wpex-clr\">Une histoire d'amour derri\u00e8re chaque bateau\u2026<\/span><\/h2>[vc_empty_space height=&#8221;20px&#8221;][vc_column_text color=&#8221;#ffffff&#8221; text_align=&#8221;center&#8221;]Dromeas, c\u2019est des bateaux pens\u00e9s et construits par des experts et passion\u00e9s de la mer. Les \u00e9quipes Dromeas assure un suivi total de la production, de la conception \u00e0 l\u2019am\u00e9nagement du bateau, en faisant de votre confort et votre s\u00e9curit\u00e9 une priorit\u00e9. Nous voulons qu\u2019en chaque yacht vous ressentiez notre passion commune, l\u2019amour de la mer. #ForTheLoveOfTheSea[\/vc_column_text][\/vc_column][\/vc_row][vc_row css=&#8221;.vc_custom_1649772252612{padding-top: 25px !important;padding-bottom: 25px !important;}&#8221;][vc_column]<h2 class=\"vcex-heading vcex-module wpex-text-2xl wpex-font-normal wpex-m-auto wpex-max-w-100 vcex-heading-plain wpex-block wpex-text-center\" style=\"font-family:&#039;Cormorant Garamond&#039;,serif;font-size:46px;font-weight:500;\"><span class=\"vcex-heading-inner wpex-inline-block wpex-clr\">#fortheloveofthesea<\/span><\/h2>[vc_empty_space height=&#8221;20px&#8221;][vc_column_text]\n<p style=\"text-align: center;\">There&#8217;s a love story in every yacht &#8211; share yours with #ForTheLoveOfTheSea. Mention @dromeasyachts for a chance to be featured.<\/p>\n[\/vc_column_text][vc_empty_space height=&#8221;15px&#8221;][vc_column_text][\/vc_column_text][vc_empty_space height=&#8221;25px&#8221;]<div class=\"textcenter theme-button-block-wrap wpex-block wpex-clear theme-button-wrap wpex-clr\"><a href=\"https:\/\/www.instagram.com\/dromeasyachts\" class=\"vcex-button theme-button align-center block\"><span class=\"theme-button-inner\"><span class=\"vcex-icon-wrap theme-button-icon-left\"><span class=\"ticon ticon-instagram\" aria-hidden=\"true\"><\/span><\/span>Follow Us<\/span><\/a><\/div> [\/vc_column][\/vc_row]\n","protected":false},"excerpt":{"rendered":"<p>[vc_row full_width=&#8221;stretch_row_content_no_spaces&#8221; full_height=&#8221;yes&#8221; columns_placement=&#8221;top&#8221;][vc_column][\/vc_column][\/vc_row][vc_row content_placement=&#8221;middle&#8221; equal_height=&#8221;yes&#8221; css=&#8221;.vc_custom_1611939638273{margin-top: 40px !important;margin-bottom: 5px !important;padding-top: 0px !important;padding-bottom: 0px !important;}&#8221;][vc_column width=&#8221;1\/2&#8243;][vc_single_image image=&#8221;2329&#8243; img_size=&#8221;large&#8221;][\/vc_column][vc_column width=&#8221;1\/2&#8243;][vc_empty_space height=&#8221;20px&#8221;][vc_empty_space height=&#8221;20px&#8221;][vc_column_text]Partir en famille ou entre amis pour p\u00eacher, plonger et nager, se retrouver autour d\u2019un repas, traverser les vagues pour d\u00e9couvrir de nouveaux paysages\u2026 \u00catre dehors et profiter de l\u2019air marin quel que soit le&hellip;<\/p>\n","protected":false},"author":1,"featured_media":0,"parent":0,"menu_order":0,"comment_status":"closed","ping_status":"closed","template":"","meta":[],"acf":[],"_links":{"self":[{"href":"https:\/\/staging.dromeasyachts.com\/france\/wp-json\/wp\/v2\/pages\/9"}],"collection":[{"href":"https:\/\/staging.dromeasyachts.com\/france\/wp-json\/wp\/v2\/pages"}],"about":[{"href":"https:\/\/staging.dromeasyachts.com\/france\/wp-json\/wp\/v2\/types\/page"}],"author":[{"embeddable":true,"href":"https:\/\/staging.dromeasyachts.com\/france\/wp-json\/wp\/v2\/users\/1"}],"replies":[{"embeddable":true,"href":"https:\/\/staging.dromeasyachts.com\/france\/wp-json\/wp\/v2\/comments?post=9"}],"version-history":[{"count":11,"href":"https:\/\/staging.dromeasyachts.com\/france\/wp-json\/wp\/v2\/pages\/9\/revisions"}],"predecessor-version":[{"id":2684,"href":"https:\/\/staging.dromeasyachts.com\/france\/wp-json\/wp\/v2\/pages\/9\/revisions\/2684"}],"wp:attachment":[{"href":"https:\/\/staging.dromeasyachts.com\/france\/wp-json\/wp\/v2\/media?parent=9"}],"curies":[{"name":"wp","href":"https:\/\/api.w.org\/{rel}","templated":true}]}}