

{"id":14,"date":"2021-01-26T12:26:21","date_gmt":"2021-01-26T12:26:21","guid":{"rendered":"https:\/\/dromeasyachts.joshdouch.me\/?page_id=14"},"modified":"2022-04-26T12:26:46","modified_gmt":"2022-04-26T11:26:46","slug":"nous-contacter","status":"publish","type":"page","link":"https:\/\/staging.dromeasyachts.com\/france\/nous-contacter\/","title":{"rendered":"Nous Contacter"},"content":{"rendered":"[vc_row css=&#8221;.vc_custom_1650972177571{padding-top: 30px !important;}&#8221;][vc_column width=&#8221;1\/6&#8243;][\/vc_column][vc_column width=&#8221;1\/3&#8243;]<h1 class=\"vcex-heading vcex-module wpex-text-2xl wpex-font-normal wpex-m-auto wpex-max-w-100 vcex-heading-plain wpex-block vc_custom_1650972402619\" style=\"font-family:&#039;Montserrat&#039;,sans-serif;font-size:32px;text-transform:uppercase;\"><span class=\"vcex-heading-inner wpex-inline-block wpex-clr\">Nous Contacter<\/span><\/h1>[vc_column_text css=&#8221;.vc_custom_1623920590546{margin-bottom: 15px !important;}&#8221;]Pr\u00eat \u00e0 d\u00e9marrer votre voyage avec Dromeas ? Contactez-nous ![\/vc_column_text]<div role=\"form\" class=\"wpcf7\" id=\"wpcf7-f2562-o1\" lang=\"en-GB\" dir=\"ltr\">\n<div class=\"screen-reader-response\"><p role=\"status\" aria-live=\"polite\" aria-atomic=\"true\"><\/p> <ul><\/ul><\/div>\n<form action=\"\/france\/wp-json\/wp\/v2\/pages\/14#wpcf7-f2562-o1\" method=\"post\" class=\"wpcf7-form init\" novalidate=\"novalidate\" data-status=\"init\">\n<div style=\"display: none;\">\n<input type=\"hidden\" name=\"_wpcf7\" value=\"2562\" \/>\n<input type=\"hidden\" name=\"_wpcf7_version\" value=\"5.6.4\" \/>\n<input type=\"hidden\" name=\"_wpcf7_locale\" value=\"en_GB\" \/>\n<input type=\"hidden\" name=\"_wpcf7_unit_tag\" value=\"wpcf7-f2562-o1\" \/>\n<input type=\"hidden\" name=\"_wpcf7_container_post\" value=\"0\" \/>\n<input type=\"hidden\" name=\"_wpcf7_posted_data_hash\" value=\"\" \/>\n<input type=\"hidden\" name=\"_wpcf7_recaptcha_response\" value=\"\" \/>\n<\/div>\n<p><label> Nom<br \/>\n    <span class=\"wpcf7-form-control-wrap\" data-name=\"your-name\"><input type=\"text\" name=\"your-name\" value=\"\" size=\"40\" class=\"wpcf7-form-control wpcf7-text wpcf7-validates-as-required\" aria-required=\"true\" aria-invalid=\"false\" \/><\/span> <\/label><\/p>\n<p><label> E-mail<br \/>\n    <span class=\"wpcf7-form-control-wrap\" data-name=\"your-email\"><input type=\"email\" name=\"your-email\" value=\"\" size=\"40\" class=\"wpcf7-form-control wpcf7-text wpcf7-email wpcf7-validates-as-required wpcf7-validates-as-email\" aria-required=\"true\" aria-invalid=\"false\" \/><\/span> <\/label><\/p>\n<p><label> Votre message<br \/>\n    <span class=\"wpcf7-form-control-wrap\" data-name=\"your-message\"><textarea name=\"your-message\" cols=\"40\" rows=\"4\" class=\"wpcf7-form-control wpcf7-textarea wpcf7-validates-as-required\" aria-required=\"true\" aria-invalid=\"false\"><\/textarea><\/span> <\/label><\/p>\n<p><input type=\"submit\" value=\"Send\" class=\"wpcf7-form-control has-spinner wpcf7-submit\" \/><\/p>\n<div class=\"wpcf7-response-output\" aria-hidden=\"true\"><\/div><\/form><\/div>[\/vc_column][vc_column width=&#8221;1\/3&#8243;]<div class=\"vcex-module vcex-icon-box vcex-icon-box-one wpex-relative wpex-flex wpex-text-left\"><div class=\"vcex-icon-box-symbol wpex-flex-shrink-0 wpex-mr-20\"><div class=\"vcex-icon-box-icon wpex-inline-flex wpex-items-center wpex-justify-center wpex-child-inherit-color wpex-text-center wpex-leading-none wpex-text-black\"><span class=\"fas fa-map-marker-alt\" aria-hidden=\"true\"><\/span><\/div><\/div><div class=\"vcex-icon-box-text wpex-flex-grow\"><div class=\"vcex-icon-box-content wpex-last-mb-0 wpex-clr\"><p>5511, Chemin de la Muscatelle 13790 Ch\u00e2teauneuf-le-Rouge<\/p>\n<\/div><\/div><\/div>[vc_empty_space][vc_column_text]Phone: <a href=\"tel:+336 20 90 01 06\">+336 20 90 01 06<\/a><br \/>\nE-mail: <a href=\"mailto:france@dromeasdealers.com\">france@dromeasdealers.com<\/a>[\/vc_column_text][vc_empty_space][vc_gmaps link=&#8221;#E-8_JTNDaWZyYW1lJTIwd2lkdGglM0QlMjI1MDAlMjIlMjBoZWlnaHQlM0QlMjIzNTAlMjIlMjBzdHlsZSUzRCUyMmJvcmRlciUzQTAlMjIlMjBsb2FkaW5nJTNEJTIybGF6eSUyMiUyMGFsbG93ZnVsbHNjcmVlbiUyMHNyYyUzRCUyMmh0dHBzJTNBJTJGJTJGd3d3Lmdvb2dsZS5jb20lMkZtYXBzJTJGZW1iZWQlMkZ2MSUyRnBsYWNlJTNGcSUzRHBsYWNlX2lkJTNBRWp4RGFHVnRhVzRnWkdVZ2JHRWdUWFZ6WTJGMFpXeHNaU3dnTVRNM09UQWdRMmpEb25SbFlYVnVaWFZtTFd4bExWSnZkV2RsTENCR2NtRnVZMlVpTGlvc0NoUUtFZ24xM2lESmNwREpFaEZUVzl6T0YxUnNyeElVQ2hJSkszNGJXNlNheVJJUkFBU1hfYVVaQ0FRJTI2a2V5JTNEQUl6YVN5Qk9GWmFlS0QyMkpPUjd6Nm9lRGRJT25TY0tnVW9LRjBFJTIyJTNFJTNDJTJGaWZyYW1lJTNF&#8221;][\/vc_column][vc_column width=&#8221;1\/6&#8243;][\/vc_column][\/vc_row]\n","protected":false},"excerpt":{"rendered":"<p>[vc_row css=&#8221;.vc_custom_1650972177571{padding-top: 30px !important;}&#8221;][vc_column width=&#8221;1\/6&#8243;][\/vc_column][vc_column width=&#8221;1\/3&#8243;][vc_column_text css=&#8221;.vc_custom_1623920590546{margin-bottom: 15px !important;}&#8221;]Pr\u00eat \u00e0 d\u00e9marrer votre voyage avec Dromeas ? Contactez-nous ![\/vc_column_text][\/vc_column][vc_column width=&#8221;1\/3&#8243;][vc_empty_space][vc_column_text]Phone: +336 20 90 01 06 E-mail: france@dromeasdealers.com[\/vc_column_text][vc_empty_space][vc_gmaps link=&#8221;#E-8_JTNDaWZyYW1lJTIwd2lkdGglM0QlMjI1MDAlMjIlMjBoZWlnaHQlM0QlMjIzNTAlMjIlMjBzdHlsZSUzRCUyMmJvcmRlciUzQTAlMjIlMjBsb2FkaW5nJTNEJTIybGF6eSUyMiUyMGFsbG93ZnVsbHNjcmVlbiUyMHNyYyUzRCUyMmh0dHBzJTNBJTJGJTJGd3d3Lmdvb2dsZS5jb20lMkZtYXBzJTJGZW1iZWQlMkZ2MSUyRnBsYWNlJTNGcSUzRHBsYWNlX2lkJTNBRWp4RGFHVnRhVzRnWkdVZ2JHRWdUWFZ6WTJGMFpXeHNaU3dnTVRNM09UQWdRMmpEb25SbFlYVnVaWFZtTFd4bExWSnZkV2RsTENCR2NtRnVZMlVpTGlvc0NoUUtFZ24xM2lESmNwREpFaEZUVzl6T0YxUnNyeElVQ2hJSkszNGJXNlNheVJJUkFBU1hfYVVaQ0FRJTI2a2V5JTNEQUl6YVN5Qk9GWmFlS0QyMkpPUjd6Nm9lRGRJT25TY0tnVW9LRjBFJTIyJTNFJTNDJTJGaWZyYW1lJTNF&#8221;][\/vc_column][vc_column width=&#8221;1\/6&#8243;][\/vc_column][\/vc_row]<\/p>\n","protected":false},"author":1,"featured_media":0,"parent":0,"menu_order":0,"comment_status":"closed","ping_status":"closed","template":"","meta":[],"acf":[],"_links":{"self":[{"href":"https:\/\/staging.dromeasyachts.com\/france\/wp-json\/wp\/v2\/pages\/14"}],"collection":[{"href":"https:\/\/staging.dromeasyachts.com\/france\/wp-json\/wp\/v2\/pages"}],"about":[{"href":"https:\/\/staging.dromeasyachts.com\/france\/wp-json\/wp\/v2\/types\/page"}],"author":[{"embeddable":true,"href":"https:\/\/staging.dromeasyachts.com\/france\/wp-json\/wp\/v2\/users\/1"}],"replies":[{"embeddable":true,"href":"https:\/\/staging.dromeasyachts.com\/france\/wp-json\/wp\/v2\/comments?post=14"}],"version-history":[{"count":22,"href":"https:\/\/staging.dromeasyachts.com\/france\/wp-json\/wp\/v2\/pages\/14\/revisions"}],"predecessor-version":[{"id":2693,"href":"https:\/\/staging.dromeasyachts.com\/france\/wp-json\/wp\/v2\/pages\/14\/revisions\/2693"}],"wp:attachment":[{"href":"https:\/\/staging.dromeasyachts.com\/france\/wp-json\/wp\/v2\/media?parent=14"}],"curies":[{"name":"wp","href":"https:\/\/api.w.org\/{rel}","templated":true}]}}