

{"id":10,"date":"2021-01-26T12:26:21","date_gmt":"2021-01-26T12:26:21","guid":{"rendered":"https:\/\/dromeasyachts.joshdouch.me\/?page_id=10"},"modified":"2022-04-26T12:26:19","modified_gmt":"2022-04-26T11:26:19","slug":"nous-decouvrir","status":"publish","type":"page","link":"https:\/\/staging.dromeasyachts.com\/france\/nous-decouvrir\/","title":{"rendered":"Nous D\u00e9couvrir"},"content":{"rendered":"[vc_row content_placement=&#8221;middle&#8221; equal_height=&#8221;yes&#8221; css=&#8221;.vc_custom_1618402258177{margin-top: 40px !important;}&#8221;][vc_column width=&#8221;1\/2&#8243; css=&#8221;.vc_custom_1613038986892{margin-bottom: 0px !important;}&#8221;][vc_single_image image=&#8221;2162&#8243; img_hover=&#8221;grayscale&#8221;][\/vc_column][vc_column width=&#8221;1\/2&#8243; css=&#8221;.vc_custom_1616101737013{padding-top: 15px !important;padding-bottom: 15px !important;}&#8221;][vc_empty_space]<h1 class=\"vcex-heading vcex-module wpex-text-2xl wpex-font-normal wpex-m-auto wpex-max-w-100 vcex-heading-plain wpex-block wpex-text-left\" style=\"font-family:&#039;Montserrat&#039;,sans-serif;font-size:26px;font-weight:500;text-transform:uppercase;\"><span class=\"vcex-heading-inner wpex-inline-block wpex-clr\">FABRICATION<\/span><\/h1>[vc_empty_space][vc_column_text]\n<p style=\"font-weight: 400;\"><span data-sheets-value=\"{&quot;1&quot;:2,&quot;2&quot;:&quot;FABRICATION : La marque Dromeas est pr\u00e9sente dans 9 pays et s'\u00e9tend aujourd'hui sur deux grands sites de production de plus de 12 000 m2. Nos bateaux \u00e0 moteur offshore \u00e0 haute performance sont cr\u00e9\u00e9s avec des mat\u00e9riaux de haute technologie (composites \u00e0 structure sandwich, \u00e9poxy en infusion, renforts en fibres de carbone\u2026). Leur coque durable et solide vous accompagnera dans n\u2019importe quelle aventure que vous voulez entreprendre.&quot;}\" data-sheets-userformat=\"{&quot;2&quot;:10689,&quot;3&quot;:{&quot;1&quot;:0,&quot;3&quot;:1},&quot;9&quot;:1,&quot;10&quot;:1,&quot;11&quot;:4,&quot;14&quot;:{&quot;1&quot;:3,&quot;3&quot;:1},&quot;16&quot;:11}\">La marque Dromeas est pr\u00e9sente dans 9 pays et s&#8217;\u00e9tend aujourd&#8217;hui sur deux grands sites de production de plus de 12 000 m2. Nos bateaux \u00e0 moteur offshore \u00e0 haute performance sont cr\u00e9\u00e9s avec des mat\u00e9riaux de haute technologie (composites \u00e0 structure sandwich, \u00e9poxy en infusion, renforts en fibres de carbone\u2026). Leur coque durable et solide vous accompagnera dans n\u2019importe quelle aventure que vous voulez entreprendre.<\/span><\/p>\n[\/vc_column_text][\/vc_column][\/vc_row][vc_row content_placement=&#8221;middle&#8221; equal_height=&#8221;yes&#8221;][vc_column width=&#8221;1\/2&#8243; offset=&#8221;vc_hidden-md vc_hidden-sm vc_hidden-xs&#8221;][vc_empty_space]<h1 class=\"vcex-heading vcex-module wpex-text-2xl wpex-font-normal wpex-m-auto wpex-max-w-100 vcex-heading-plain wpex-block wpex-text-left\" style=\"font-family:&#039;Montserrat&#039;,sans-serif;font-size:26px;font-weight:500;text-transform:uppercase;\"><span class=\"vcex-heading-inner wpex-inline-block wpex-clr\">UNE PASSION PARTAG\u00c9E<\/span><\/h1>[vc_empty_space][vc_column_text]<span data-sheets-value=\"{&quot;1&quot;:2,&quot;2&quot;:&quot;UNE PASSION PARTAG\u00c9E : Notre entreprise Hica Boats est une entreprise sp\u00e9cialis\u00e9e dans l\u2019import de bateaux en France, Espagne et Outre-Mer.\\nCompos\u00e9e d\u2019une \u00e9quipe experte et passionn\u00e9e par le nautisme, nous avons s\u00e9lectionn\u00e9 avec soin\\nles meilleures marques de bateaux afin de satisfaire nos clients et r\u00e9pondre au mieux \u00e0 leur attente \u00e0 travers un r\u00e9seau de concessionnaires qualifi\u00e9s. Nous avons choisi Dromeas et nous travaillons avec des \u00e9quipes soucieuses du moindre d\u00e9tail. Les yachts sont construits dans le but de satisfaire chaque propri\u00e9taire et d'incarner notre passion commune : l'amour de la mer !&quot;}\" data-sheets-userformat=\"{&quot;2&quot;:10689,&quot;3&quot;:{&quot;1&quot;:0,&quot;3&quot;:1},&quot;9&quot;:1,&quot;10&quot;:1,&quot;11&quot;:4,&quot;14&quot;:{&quot;1&quot;:3,&quot;3&quot;:1},&quot;16&quot;:11}\">Notre entreprise Hica Boats est une entreprise sp\u00e9cialis\u00e9e dans l\u2019import de bateaux en France, Espagne et Outre-Mer.<br \/>\nCompos\u00e9e d\u2019une \u00e9quipe experte et passionn\u00e9e par le nautisme, nous avons s\u00e9lectionn\u00e9 avec soin<br \/>\nles meilleures marques de bateaux afin de satisfaire nos clients et r\u00e9pondre au mieux \u00e0 leur attente \u00e0 travers un r\u00e9seau de concessionnaires qualifi\u00e9s. Nous avons choisi Dromeas et nous travaillons avec des \u00e9quipes soucieuses du moindre d\u00e9tail. Les yachts sont construits dans le but de satisfaire chaque propri\u00e9taire et d&#8217;incarner notre passion commune : l&#8217;amour de la mer !<\/span>[\/vc_column_text][\/vc_column][vc_column width=&#8221;1\/2&#8243; css=&#8221;.vc_custom_1616101808173{margin-bottom: 0px !important;}&#8221; offset=&#8221;vc_hidden-md vc_hidden-sm vc_hidden-xs&#8221;][vc_single_image image=&#8221;2151&#8243; alignment=&#8221;center&#8221; img_hover=&#8221;grayscale&#8221;][\/vc_column][\/vc_row][vc_row content_placement=&#8221;middle&#8221; equal_height=&#8221;yes&#8221;][vc_column width=&#8221;1\/2&#8243; css=&#8221;.vc_custom_1616101779444{margin-bottom: 0px !important;}&#8221; offset=&#8221;vc_hidden-lg&#8221;][vc_single_image image=&#8221;2151&#8243; alignment=&#8221;center&#8221; img_hover=&#8221;grayscale&#8221;][\/vc_column][vc_column width=&#8221;1\/2&#8243; offset=&#8221;vc_hidden-lg&#8221;][vc_empty_space]<h1 class=\"vcex-heading vcex-module wpex-text-2xl wpex-font-normal wpex-m-auto wpex-max-w-100 vcex-heading-plain wpex-block wpex-text-left\" style=\"font-family:&#039;Montserrat&#039;,sans-serif;font-size:26px;font-weight:500;text-transform:uppercase;\"><span class=\"vcex-heading-inner wpex-inline-block wpex-clr\">UNE PASSION PARTAG\u00c9E<\/span><\/h1>[vc_empty_space][vc_column_text]<span data-sheets-value=\"{&quot;1&quot;:2,&quot;2&quot;:&quot;UNE PASSION PARTAG\u00c9E : Notre entreprise Hica Boats est une entreprise sp\u00e9cialis\u00e9e dans l\u2019import de bateaux en France, Espagne et Outre-Mer.\\nCompos\u00e9e d\u2019une \u00e9quipe experte et passionn\u00e9e par le nautisme, nous avons s\u00e9lectionn\u00e9 avec soin\\nles meilleures marques de bateaux afin de satisfaire nos clients et r\u00e9pondre au mieux \u00e0 leur attente \u00e0 travers un r\u00e9seau de concessionnaires qualifi\u00e9s. Nous avons choisi Dromeas et nous travaillons avec des \u00e9quipes soucieuses du moindre d\u00e9tail. Les yachts sont construits dans le but de satisfaire chaque propri\u00e9taire et d'incarner notre passion commune : l'amour de la mer !&quot;}\" data-sheets-userformat=\"{&quot;2&quot;:10689,&quot;3&quot;:{&quot;1&quot;:0,&quot;3&quot;:1},&quot;9&quot;:1,&quot;10&quot;:1,&quot;11&quot;:4,&quot;14&quot;:{&quot;1&quot;:3,&quot;3&quot;:1},&quot;16&quot;:11}\">Notre entreprise Hica Boats est une entreprise sp\u00e9cialis\u00e9e dans l\u2019import de bateaux en France, Espagne et Outre-Mer.<br \/>\nCompos\u00e9e d\u2019une \u00e9quipe experte et passionn\u00e9e par le nautisme, nous avons s\u00e9lectionn\u00e9 avec soin<br \/>\nles meilleures marques de bateaux afin de satisfaire nos clients et r\u00e9pondre au mieux \u00e0 leur attente \u00e0 travers un r\u00e9seau de concessionnaires qualifi\u00e9s. Nous avons choisi Dromeas et nous travaillons avec des \u00e9quipes soucieuses du moindre d\u00e9tail. Les yachts sont construits dans le but de satisfaire chaque propri\u00e9taire et d&#8217;incarner notre passion commune : l&#8217;amour de la mer !<\/span>[\/vc_column_text][\/vc_column][\/vc_row]\n","protected":false},"excerpt":{"rendered":"<p>[vc_row content_placement=&#8221;middle&#8221; equal_height=&#8221;yes&#8221; css=&#8221;.vc_custom_1618402258177{margin-top: 40px !important;}&#8221;][vc_column width=&#8221;1\/2&#8243; css=&#8221;.vc_custom_1613038986892{margin-bottom: 0px !important;}&#8221;][vc_single_image image=&#8221;2162&#8243; img_hover=&#8221;grayscale&#8221;][\/vc_column][vc_column width=&#8221;1\/2&#8243; css=&#8221;.vc_custom_1616101737013{padding-top: 15px !important;padding-bottom: 15px !important;}&#8221;][vc_empty_space][vc_empty_space][vc_column_text] La marque Dromeas est pr\u00e9sente dans 9 pays et s&#8217;\u00e9tend aujourd&#8217;hui sur deux grands sites de production de plus de 12 000 m2. Nos bateaux \u00e0 moteur offshore \u00e0 haute performance sont cr\u00e9\u00e9s avec des mat\u00e9riaux de&hellip;<\/p>\n","protected":false},"author":1,"featured_media":0,"parent":0,"menu_order":0,"comment_status":"closed","ping_status":"closed","template":"","meta":[],"acf":[],"_links":{"self":[{"href":"https:\/\/staging.dromeasyachts.com\/france\/wp-json\/wp\/v2\/pages\/10"}],"collection":[{"href":"https:\/\/staging.dromeasyachts.com\/france\/wp-json\/wp\/v2\/pages"}],"about":[{"href":"https:\/\/staging.dromeasyachts.com\/france\/wp-json\/wp\/v2\/types\/page"}],"author":[{"embeddable":true,"href":"https:\/\/staging.dromeasyachts.com\/france\/wp-json\/wp\/v2\/users\/1"}],"replies":[{"embeddable":true,"href":"https:\/\/staging.dromeasyachts.com\/france\/wp-json\/wp\/v2\/comments?post=10"}],"version-history":[{"count":8,"href":"https:\/\/staging.dromeasyachts.com\/france\/wp-json\/wp\/v2\/pages\/10\/revisions"}],"predecessor-version":[{"id":2692,"href":"https:\/\/staging.dromeasyachts.com\/france\/wp-json\/wp\/v2\/pages\/10\/revisions\/2692"}],"wp:attachment":[{"href":"https:\/\/staging.dromeasyachts.com\/france\/wp-json\/wp\/v2\/media?parent=10"}],"curies":[{"name":"wp","href":"https:\/\/api.w.org\/{rel}","templated":true}]}}